{"id":13,"date":"2018-09-24T22:01:54","date_gmt":"2018-09-24T22:01:54","guid":{"rendered":"http:\/\/localhost\/PROJETOS\/NEURO\/wordpress\/?page_id=8"},"modified":"2024-06-17T20:30:35","modified_gmt":"2024-06-17T20:30:35","slug":"home","status":"publish","type":"page","link":"https:\/\/www.neuroeducacaomusical.com.br\/ead\/","title":{"rendered":"Home"},"content":{"rendered":"\t\t<div data-elementor-type=\"wp-page\" data-elementor-id=\"13\" class=\"elementor elementor-13\">\n\t\t\t\t\t\t<header class=\"elementor-section elementor-top-section elementor-element elementor-element-c808f24 elementor-section-full_width elementor-section-height-min-height elementor-section-content-middle elementor-section-height-default elementor-section-items-middle\" data-id=\"c808f24\" data-element_type=\"section\" data-settings=\"{&quot;background_background&quot;:&quot;classic&quot;}\">\n\t\t\t\t\t\t<div class=\"elementor-container elementor-column-gap-no\">\n\t\t\t\t\t<div class=\"elementor-column elementor-col-100 elementor-top-column elementor-element elementor-element-b2c601f\" data-id=\"b2c601f\" data-element_type=\"column\">\n\t\t\t<div class=\"elementor-widget-wrap elementor-element-populated\">\n\t\t\t\t\t\t\t<\/div>\n\t\t<\/div>\n\t\t\t\t\t<\/div>\n\t\t<\/header>\n\t\t\t\t<section class=\"elementor-section elementor-top-section elementor-element elementor-element-a782531 elementor-section-boxed elementor-section-height-default elementor-section-height-default\" data-id=\"a782531\" data-element_type=\"section\" data-settings=\"{&quot;background_background&quot;:&quot;classic&quot;}\">\n\t\t\t\t\t\t<div class=\"elementor-container elementor-column-gap-default\">\n\t\t\t\t\t<div class=\"elementor-column elementor-col-100 elementor-top-column elementor-element elementor-element-d9f07ab\" data-id=\"d9f07ab\" data-element_type=\"column\">\n\t\t\t<div class=\"elementor-widget-wrap elementor-element-populated\">\n\t\t\t\t\t\t<div class=\"elementor-element elementor-element-d7f4f52 elementor-widget elementor-widget-heading\" data-id=\"d7f4f52\" data-element_type=\"widget\" data-widget_type=\"heading.default\">\n\t\t\t\t<div class=\"elementor-widget-container\">\n\t\t\t<h2 class=\"elementor-heading-title elementor-size-default\">Nossos Cursos<\/h2>\t\t<\/div>\n\t\t\t\t<\/div>\n\t\t\t\t\t<\/div>\n\t\t<\/div>\n\t\t\t\t\t<\/div>\n\t\t<\/section>\n\t\t\t\t<section class=\"elementor-section elementor-top-section elementor-element elementor-element-518301d elementor-section-boxed elementor-section-height-default elementor-section-height-default\" data-id=\"518301d\" data-element_type=\"section\">\n\t\t\t\t\t\t<div class=\"elementor-container elementor-column-gap-default\">\n\t\t\t\t\t<div class=\"elementor-column elementor-col-100 elementor-top-column elementor-element elementor-element-e6ae32e\" data-id=\"e6ae32e\" data-element_type=\"column\">\n\t\t\t<div class=\"elementor-widget-wrap elementor-element-populated\">\n\t\t\t\t\t\t<div class=\"elementor-element elementor-element-ade4cf4 elementor-widget elementor-widget-learnpress_list_courses\" data-id=\"ade4cf4\" data-element_type=\"widget\" data-widget_type=\"learnpress_list_courses.default\">\n\t\t\t\t<div class=\"elementor-widget-container\">\n\t\t\t\t\t\t<div class=\"lp-archive-courses\">\n\t\t\t\t<ul class=\"learn-press-courses lp-list-courses-no-css\" data-layout=\"list\"\n\t\t\t\t\tdata-size=\"10\">\n\t\t\t\t\t<li class=\"course\"><div class=\"course-item\" data-id=\"2564\"><div class=\"course-wrap-thumbnail\"><div class=\"course-thumbnail\"><a href=\"https:\/\/www.neuroeducacaomusical.com.br\/ead\/cursos\/musica-e-bebes-capacitacao-curso-livre-professores-musicalizacao-infantil\/\"><div class=\"course-img\"><img fetchpriority=\"high\" decoding=\"async\" width=\"300\" height=\"350\" src=\"https:\/\/www.neuroeducacaomusical.com.br\/ead\/wp-content\/uploads\/2021\/09\/CARTAZ_MUSICA-E-BEBE-300x350.png\" class=\"attachment-300x350 size-300x350 wp-post-image\" alt=\"M\u00fasica e Beb\u00eas\" title=\"M\u00fasica e Beb\u00eas\" \/><\/div><\/a><\/div><\/div><div class=\"course-content\"><span class=\"course-instructor\"><a href=\"https:\/\/www.neuroeducacaomusical.com.br\/ead\/instrutor\/juliaholanda\/\"> <span class=\"instructor-display-name\">J\u00falia Holanda<\/span><\/a><\/span><a class=\"course-permalink\" href=\"https:\/\/www.neuroeducacaomusical.com.br\/ead\/cursos\/musica-e-bebes-capacitacao-curso-livre-professores-musicalizacao-infantil\/\"><span class=\"course-title\">M\u00fasica e Beb\u00eas<\/span><\/a><div class=\"course-wrap-meta\"><div class=\"meta-item meta-item-duration\"><span class=\"course-duration\">42 Weeks<\/span><\/div><div class=\"meta-item meta-item-level\"><span class=\"course-level\">All levels<\/span><\/div><div class=\"meta-item meta-item-lesson\"><div class=\"course-count-lesson\">65 Lessons<\/div><\/div><div class=\"meta-item meta-item-quiz\"><div class=\"course-count-quiz\">0 Quizzes<\/div><\/div><div class=\"meta-item meta-item-student\"><div class=\"course-count-student\">4 Students<\/div><\/div><\/div><div class=\"separator\"><\/div><div class=\"course-info\"><p class=\"course-short-description\">O Curso mais esperado na \u00e1rea que mais cresce no Brasil chegou. Com J\u00falia Holanda,...<\/p><div class=\"clearfix\"><\/div><div class=\"course-footer\"><div class=\"course-price\"><span class=\"course-item-price\"><span class=\"price\">&#82;&#36;1.199,00<\/span><\/span><\/div><div class=\"course-readmore\"><a href=\"https:\/\/www.neuroeducacaomusical.com.br\/ead\/cursos\/musica-e-bebes-capacitacao-curso-livre-professores-musicalizacao-infantil\/\">Read more<\/a><\/div><\/div><\/div><\/div><\/div><\/li><li class=\"course\"><div class=\"course-item\" data-id=\"1134\"><div class=\"course-wrap-thumbnail\"><div class=\"course-thumbnail\"><a href=\"https:\/\/www.neuroeducacaomusical.com.br\/ead\/cursos\/musicalizacao-infantil\/\"><div class=\"course-img\"><img decoding=\"async\" width=\"300\" height=\"350\" src=\"https:\/\/www.neuroeducacaomusical.com.br\/ead\/wp-content\/uploads\/2020\/09\/WhatsApp-Image-2020-09-02-at-09.36.42-300x350.jpeg\" class=\"attachment-300x350 size-300x350 wp-post-image\" alt=\"Musicaliza\u00e7\u00e3o Infantil\" title=\"Musicaliza\u00e7\u00e3o Infantil\" \/><\/div><\/a><\/div><\/div><div class=\"course-content\"><span class=\"course-instructor\"><a href=\"https:\/\/www.neuroeducacaomusical.com.br\/ead\/instrutor\/joaobarreto\/\"> <span class=\"instructor-display-name\">Jo\u00e3o Barreto<\/span><\/a><\/span><a class=\"course-permalink\" href=\"https:\/\/www.neuroeducacaomusical.com.br\/ead\/cursos\/musicalizacao-infantil\/\"><span class=\"course-title\">Musicaliza\u00e7\u00e3o Infantil<\/span><\/a><div class=\"course-wrap-meta\"><div class=\"meta-item meta-item-duration\"><span class=\"course-duration\">60 Weeks<\/span><\/div><div class=\"meta-item meta-item-level\"><span class=\"course-level\">All levels<\/span><\/div><div class=\"meta-item meta-item-lesson\"><div class=\"course-count-lesson\">63 Lessons<\/div><\/div><div class=\"meta-item meta-item-quiz\"><div class=\"course-count-quiz\">0 Quizzes<\/div><\/div><div class=\"meta-item meta-item-student\"><div class=\"course-count-student\">5 Students<\/div><\/div><\/div><div class=\"separator\"><\/div><div class=\"course-info\"><div class=\"clearfix\"><\/div><div class=\"course-footer\"><div class=\"course-price\"><span class=\"course-item-price\"><span class=\"price\">&#82;&#36;1.199,00<\/span><\/span><\/div><div class=\"course-readmore\"><a href=\"https:\/\/www.neuroeducacaomusical.com.br\/ead\/cursos\/musicalizacao-infantil\/\">Read more<\/a><\/div><\/div><\/div><\/div><\/div><\/li><li class=\"course\"><div class=\"course-item\" data-id=\"1037\"><div class=\"course-wrap-thumbnail\"><div class=\"course-thumbnail\"><a href=\"https:\/\/www.neuroeducacaomusical.com.br\/ead\/cursos\/teclado-i\/\"><div class=\"course-img\"><img decoding=\"async\" width=\"300\" height=\"350\" src=\"https:\/\/www.neuroeducacaomusical.com.br\/ead\/wp-content\/uploads\/2020\/06\/WhatsApp-Image-2020-09-02-at-09.25.12-300x350.jpeg\" class=\"attachment-300x350 size-300x350 wp-post-image\" alt=\"Teclado\" title=\"Teclado\" \/><\/div><\/a><\/div><\/div><div class=\"course-content\"><span class=\"course-instructor\"><a href=\"https:\/\/www.neuroeducacaomusical.com.br\/ead\/instrutor\/juliaholanda\/\"> <span class=\"instructor-display-name\">J\u00falia Holanda<\/span><\/a><\/span><a class=\"course-permalink\" href=\"https:\/\/www.neuroeducacaomusical.com.br\/ead\/cursos\/teclado-i\/\"><span class=\"course-title\">Teclado<\/span><\/a><div class=\"course-wrap-meta\"><div class=\"meta-item meta-item-duration\"><span class=\"course-duration\">52 Weeks<\/span><\/div><div class=\"meta-item meta-item-level\"><span class=\"course-level\">All levels<\/span><\/div><div class=\"meta-item meta-item-lesson\"><div class=\"course-count-lesson\">24 Lessons<\/div><\/div><div class=\"meta-item meta-item-quiz\"><div class=\"course-count-quiz\">1 Quiz<\/div><\/div><div class=\"meta-item meta-item-student\"><div class=\"course-count-student\">1009 Students<\/div><\/div><\/div><div class=\"separator\"><\/div><div class=\"course-info\"><div class=\"clearfix\"><\/div><div class=\"course-footer\"><div class=\"course-price\"><span class=\"course-item-price\"><span class=\"price\">&#82;&#36;1.400,00<\/span><\/span><\/div><div class=\"course-readmore\"><a href=\"https:\/\/www.neuroeducacaomusical.com.br\/ead\/cursos\/teclado-i\/\">Read more<\/a><\/div><\/div><\/div><\/div><\/div><\/li>\t\t\t\t<\/ul>\n\t\t\t<\/div>\n\t\t\t\t\t<\/div>\n\t\t\t\t<\/div>\n\t\t\t\t\t<\/div>\n\t\t<\/div>\n\t\t\t\t\t<\/div>\n\t\t<\/section>\n\t\t\t\t<section class=\"elementor-section elementor-top-section elementor-element elementor-element-71c6788 elementor-section-boxed elementor-section-height-default elementor-section-height-default\" data-id=\"71c6788\" data-element_type=\"section\" data-settings=\"{&quot;background_background&quot;:&quot;classic&quot;}\">\n\t\t\t\t\t\t<div class=\"elementor-container elementor-column-gap-default\">\n\t\t\t\t\t<div class=\"elementor-column elementor-col-100 elementor-top-column elementor-element elementor-element-e543863\" data-id=\"e543863\" data-element_type=\"column\">\n\t\t\t<div class=\"elementor-widget-wrap elementor-element-populated\">\n\t\t\t\t\t\t<div class=\"elementor-element elementor-element-7e4e763 elementor-align-center elementor-widget elementor-widget-button\" data-id=\"7e4e763\" data-element_type=\"widget\" data-widget_type=\"button.default\">\n\t\t\t\t<div class=\"elementor-widget-container\">\n\t\t\t\t\t<div class=\"elementor-button-wrapper\">\n\t\t\t<a class=\"elementor-button elementor-button-link elementor-size-sm\" href=\"\/cursos\">\n\t\t\t\t\t\t<span class=\"elementor-button-content-wrapper\">\n\t\t\t\t\t\t\t\t\t<span class=\"elementor-button-text\">Mais Cursos<\/span>\n\t\t\t\t\t<\/span>\n\t\t\t\t\t<\/a>\n\t\t<\/div>\n\t\t\t\t<\/div>\n\t\t\t\t<\/div>\n\t\t\t\t\t<\/div>\n\t\t<\/div>\n\t\t\t\t\t<\/div>\n\t\t<\/section>\n\t\t\t\t<\/div>\n\t\t","protected":false},"excerpt":{"rendered":"<p>Nossos Cursos J\u00falia HolandaM\u00fasica e Beb\u00eas42 WeeksAll levels65 Lessons0 Quizzes3 Students O Curso mais esperado na \u00e1rea que mais cresce no Brasil chegou. Com J\u00falia Holanda,&#8230; &#82;&#36;1.199,00Read more Jo\u00e3o BarretoMusicaliza\u00e7\u00e3o Infantil60 WeeksAll levels63 Lessons0 Quizzes5 Students&#82;&#36;1.199,00Read more J\u00falia HolandaTeclado52 WeeksAll levels24 Lessons1 Quiz1009 Students&#82;&#36;1.400,00Read more Mais Cursos<\/p>\n","protected":false},"author":1,"featured_media":0,"parent":0,"menu_order":0,"comment_status":"closed","ping_status":"closed","template":"elementor_header_footer","meta":{"_acf_changed":false,"footnotes":""},"acf":[],"_links":{"self":[{"href":"https:\/\/www.neuroeducacaomusical.com.br\/ead\/wp-json\/wp\/v2\/pages\/13"}],"collection":[{"href":"https:\/\/www.neuroeducacaomusical.com.br\/ead\/wp-json\/wp\/v2\/pages"}],"about":[{"href":"https:\/\/www.neuroeducacaomusical.com.br\/ead\/wp-json\/wp\/v2\/types\/page"}],"author":[{"embeddable":true,"href":"https:\/\/www.neuroeducacaomusical.com.br\/ead\/wp-json\/wp\/v2\/users\/1"}],"replies":[{"embeddable":true,"href":"https:\/\/www.neuroeducacaomusical.com.br\/ead\/wp-json\/wp\/v2\/comments?post=13"}],"version-history":[{"count":65,"href":"https:\/\/www.neuroeducacaomusical.com.br\/ead\/wp-json\/wp\/v2\/pages\/13\/revisions"}],"predecessor-version":[{"id":3637,"href":"https:\/\/www.neuroeducacaomusical.com.br\/ead\/wp-json\/wp\/v2\/pages\/13\/revisions\/3637"}],"wp:attachment":[{"href":"https:\/\/www.neuroeducacaomusical.com.br\/ead\/wp-json\/wp\/v2\/media?parent=13"}],"curies":[{"name":"wp","href":"https:\/\/api.w.org\/{rel}","templated":true}]}}